{"id":1124,"date":"2017-05-06T10:52:54","date_gmt":"2017-05-06T08:52:54","guid":{"rendered":"https:\/\/schloesser-art.com\/home\/"},"modified":"2018-05-28T12:16:52","modified_gmt":"2018-05-28T10:16:52","slug":"home","status":"publish","type":"page","link":"https:\/\/schloesser-art.com\/en\/","title":{"rendered":"Home"},"content":{"rendered":"<p><div class=\"fusion-fullwidth fullwidth-box fusion-builder-row-1 nonhundred-percent-fullwidth non-hundred-percent-height-scrolling\" style=\"background-color: rgba(255,255,255,0);background-position: center center;background-repeat: no-repeat;padding-top:0px;padding-right:0px;padding-bottom:0px;padding-left:0px;margin-bottom: 50px;margin-top: 0px;border-width: 0px 0px 0px 0px;border-color:#eae9e9;border-style:solid;\" ><div class=\"fusion-builder-row fusion-row\"><div class=\"fusion-layout-column fusion_builder_column fusion-builder-column-0 fusion_builder_column_1_1 1_1 fusion-one-full fusion-column-first fusion-column-last\" style=\"margin-top:0px;margin-bottom:30px;\"><div class=\"fusion-column-wrapper fusion-flex-column-wrapper-legacy\" style=\"background-position:left top;background-repeat:no-repeat;-webkit-background-size:cover;-moz-background-size:cover;-o-background-size:cover;background-size:cover;padding: 0px 0px 0px 0px;\"><div class=\"fusion-text fusion-text-1\" style=\"transform:translate3d(0,0,0);\"><h1>I love the life.<br \/>\nMine has four axes:<br \/>\nmy love for art,<br \/>\nmy love for us humans.<br \/>\nMy love for everything that lives, and &#8211; my love for my work.<\/h1>\n<p style=\"font-size: 26px; line-height: 36px;\"><span style=\"color: #000000;\">Isolde Schl\u00f6sser<\/span><\/p>\n<\/div><div class=\"fusion-clearfix\"><\/div><\/div><\/div><\/div><\/div><div class=\"fusion-fullwidth fullwidth-box fusion-builder-row-2 nonhundred-percent-fullwidth non-hundred-percent-height-scrolling\" style=\"background-color: rgba(255,255,255,0);background-position: left top;background-repeat: no-repeat;padding-top:0px;padding-right:0px;padding-bottom:0px;padding-left:0px;margin-bottom: 0px;margin-top: 0px;border-width: 0px 0px 0px 0px;border-color:#eae9e9;border-style:solid;\" ><div class=\"fusion-builder-row fusion-row\"><div class=\"fusion-layout-column fusion_builder_column fusion-builder-column-1 fusion_builder_column_1_3 1_3 fusion-one-third fusion-column-first\" style=\"width:30.6666%; margin-right: 4%;margin-top:0px;margin-bottom:30px;\"><div class=\"fusion-column-wrapper fusion-flex-column-wrapper-legacy\" style=\"background-position:left top;background-repeat:no-repeat;-webkit-background-size:cover;-moz-background-size:cover;-o-background-size:cover;background-size:cover;padding: 0px 0px 0px 0px;\"><span class=\" fusion-imageframe imageframe-none imageframe-1 hover-type-none\"><img decoding=\"async\" width=\"1024\" height=\"739\" title=\"P1050732_pp\" src=\"https:\/\/schloesser-art.com\/wp-content\/uploads\/P1050732_pp-1024x739.jpg\" class=\"img-responsive wp-image-1278\" srcset=\"https:\/\/schloesser-art.com\/wp-content\/uploads\/P1050732_pp-200x144.jpg 200w, https:\/\/schloesser-art.com\/wp-content\/uploads\/P1050732_pp-400x289.jpg 400w, https:\/\/schloesser-art.com\/wp-content\/uploads\/P1050732_pp-600x433.jpg 600w, https:\/\/schloesser-art.com\/wp-content\/uploads\/P1050732_pp-800x578.jpg 800w, https:\/\/schloesser-art.com\/wp-content\/uploads\/P1050732_pp-1200x866.jpg 1200w\" sizes=\"(max-width: 800px) 100vw, 400px\" \/><\/span><div class=\"fusion-sep-clear\"><\/div><div class=\"fusion-separator fusion-full-width-sep\" style=\"margin-left: auto;margin-right: auto;margin-top:4%;width:100%;\"><\/div><div class=\"fusion-sep-clear\"><\/div><div class=\"fusion-aligncenter\"><style type=\"text\/css\">.fusion-button.button-1 {border-radius:0px;}<\/style><a class=\"fusion-button button-flat fusion-button-default-size button-default button-1 fusion-button-default-span fusion-button-default-type\" target=\"_self\" href=\"\/en\/creations\/\"><span class=\"fusion-button-text\">my creations<\/span><\/a><\/div><div class=\"fusion-sep-clear\"><\/div><div class=\"fusion-separator fusion-full-width-sep\" style=\"margin-left: auto;margin-right: auto;margin-top:4%;width:100%;\"><\/div><div class=\"fusion-sep-clear\"><\/div><div class=\"fusion-aligncenter\"><style type=\"text\/css\">.fusion-button.button-2 {border-radius:0px;}<\/style><a class=\"fusion-button button-flat fusion-button-default-size button-default button-2 fusion-button-default-span fusion-button-default-type\" target=\"_self\" href=\"\/background\/\"><span class=\"fusion-button-text\">background<\/span><\/a><\/div><div class=\"fusion-clearfix\"><\/div><\/div><\/div><div class=\"fusion-layout-column fusion_builder_column fusion-builder-column-2 fusion_builder_column_2_3 2_3 fusion-two-third fusion-column-last\" style=\"width:65.3333%;margin-top:0px;margin-bottom:30px;\"><div class=\"fusion-column-wrapper fusion-flex-column-wrapper-legacy\" style=\"background-position:left top;background-repeat:no-repeat;-webkit-background-size:cover;-moz-background-size:cover;-o-background-size:cover;background-size:cover;padding: 0px 0px 0px 0px;\"><style type=\"text\/css\"><\/style><div class=\"fusion-title title fusion-title-1 fusion-sep-none fusion-title-text fusion-title-size-two\" style=\"margin-top:0px;margin-bottom:20px;\"><h2 class=\"title-heading-left\" style=\"margin:0;\">companions<\/h2><\/div><div class=\"fusion-text fusion-text-2\" style=\"transform:translate3d(0,0,0);\"><p><span style=\"font-weight: 400;\">\u201eIsolde Schl\u00f6sser ist eine pr\u00e4gnante, hochsensible K\u00fcnstlerin. Ihre gemalten Bilder erwachsen aus inneren Bildern und pers\u00f6nlicher Erfahrung. Wachsam, sensibel, ohne Vorurteil zu begegnen, hineinzusp\u00fcren ob Pflanze, Landschaft oder Mensch, die Essenz herauszufiltern, darum geht es ihr. Das Heilende in Kreativit\u00e4t, in Form und Farbe, das Einbeziehen von Ausgegrenztem, liegt ihr am Herzen, pr\u00e4gt ihre Arbeit.&nbsp;<\/span>Arbeit versteht sie als einen Prozess des Besinnens, der Begegnung im zeitlichen Bogen von Lebensgeschichte und Geschichte von Alltag, Kunst, Kultur.\u201c<\/p>\n<p><em>(Andreas Pfeiffer, Direktor St\u00e4dtische Museen Heilbronn heute i.R.)<\/em><\/p>\n<\/div><div class=\"fusion-text fusion-text-3\" style=\"transform:translate3d(0,0,0);\"><p>&#8220;Isolde Schl\u00f6sser gab vor Jahren auf die Frage was wesentlich f\u00fcr sie sei die Antwort \u201eToleranz \u00fcben, offen sein, weitersuchen, in Freiheit arbeiten und Aufgaben erf\u00fcllen k\u00f6nnen, gleichg\u00fcltig ob aufgetragen oder selbstgestellt.\u201c Ihre Arbeiten zeigen, dass diese Verantwortungsethik f\u00fcr sie programmatisch bleibt und von bedr\u00fcckender Aktualit\u00e4t durch die Erfahrung, dass die Menschlichkeit unseres Daseins st\u00e4ndiger Gef\u00e4hrdung ausgesetzt ist. Isolde Schl\u00f6sser hat in der Kunst einen Weg gefunden, ihrer Betroffenheit, die die Betroffenheit vieler ist Ausdruck zu verleihen und somit sich und andrer vom Stigma der Blindheit wenigstens f\u00fcr Augenblicke zu befreien.\u201c<\/p>\n<p><em>( Sabine Leutheusser-Holz, Landesmuseum Stuttgart)<\/em><\/p>\n<\/div><div class=\"fusion-clearfix\"><\/div><\/div><\/div><\/div><\/div><\/p>\n","protected":false},"excerpt":{"rendered":"","protected":false},"author":3,"featured_media":0,"parent":0,"menu_order":0,"comment_status":"closed","ping_status":"closed","template":"100-width.php","meta":{"ngg_post_thumbnail":0,"footnotes":""},"class_list":["post-1124","page","type-page","status-publish","hentry"],"yoast_head":"<!-- This site is optimized with the Yoast SEO plugin v27.4 - https:\/\/yoast.com\/product\/yoast-seo-wordpress\/ -->\n<title>Home - Schl\u00f6sser Art<\/title>\n<meta name=\"robots\" content=\"index, follow, max-snippet:-1, max-image-preview:large, max-video-preview:-1\" \/>\n<link rel=\"canonical\" href=\"https:\/\/schloesser-art.com\/en\/\" \/>\n<meta property=\"og:locale\" content=\"en_US\" \/>\n<meta property=\"og:type\" content=\"article\" \/>\n<meta property=\"og:title\" content=\"Home - Schl\u00f6sser Art\" \/>\n<meta property=\"og:url\" content=\"https:\/\/schloesser-art.com\/en\/\" \/>\n<meta property=\"og:site_name\" content=\"Schl\u00f6sser Art\" \/>\n<meta property=\"article:modified_time\" content=\"2018-05-28T10:16:52+00:00\" \/>\n<meta name=\"twitter:card\" content=\"summary_large_image\" \/>\n<meta name=\"twitter:label1\" content=\"Est. reading time\" \/>\n\t<meta name=\"twitter:data1\" content=\"5 minutes\" \/>\n<script type=\"application\/ld+json\" class=\"yoast-schema-graph\">{\"@context\":\"https:\\\/\\\/schema.org\",\"@graph\":[{\"@type\":\"WebPage\",\"@id\":\"https:\\\/\\\/schloesser-art.com\\\/en\\\/\",\"url\":\"https:\\\/\\\/schloesser-art.com\\\/en\\\/\",\"name\":\"Home - Schl\u00f6sser Art\",\"isPartOf\":{\"@id\":\"https:\\\/\\\/schloesser-art.com\\\/#website\"},\"datePublished\":\"2017-05-06T08:52:54+00:00\",\"dateModified\":\"2018-05-28T10:16:52+00:00\",\"breadcrumb\":{\"@id\":\"https:\\\/\\\/schloesser-art.com\\\/en\\\/#breadcrumb\"},\"inLanguage\":\"en-US\",\"potentialAction\":[{\"@type\":\"ReadAction\",\"target\":[\"https:\\\/\\\/schloesser-art.com\\\/en\\\/\"]}]},{\"@type\":\"BreadcrumbList\",\"@id\":\"https:\\\/\\\/schloesser-art.com\\\/en\\\/#breadcrumb\",\"itemListElement\":[{\"@type\":\"ListItem\",\"position\":1,\"name\":\"Startseite\",\"item\":\"https:\\\/\\\/schloesser-art.com\\\/en\\\/\"},{\"@type\":\"ListItem\",\"position\":2,\"name\":\"Home\"}]},{\"@type\":\"WebSite\",\"@id\":\"https:\\\/\\\/schloesser-art.com\\\/#website\",\"url\":\"https:\\\/\\\/schloesser-art.com\\\/\",\"name\":\"Schl\u00f6sser Art\",\"description\":\"Kunst &amp; Kultur\",\"potentialAction\":[{\"@type\":\"SearchAction\",\"target\":{\"@type\":\"EntryPoint\",\"urlTemplate\":\"https:\\\/\\\/schloesser-art.com\\\/?s={search_term_string}\"},\"query-input\":{\"@type\":\"PropertyValueSpecification\",\"valueRequired\":true,\"valueName\":\"search_term_string\"}}],\"inLanguage\":\"en-US\"}]}<\/script>\n<!-- \/ Yoast SEO plugin. -->","yoast_head_json":{"title":"Home - Schl\u00f6sser Art","robots":{"index":"index","follow":"follow","max-snippet":"max-snippet:-1","max-image-preview":"max-image-preview:large","max-video-preview":"max-video-preview:-1"},"canonical":"https:\/\/schloesser-art.com\/en\/","og_locale":"en_US","og_type":"article","og_title":"Home - Schl\u00f6sser Art","og_url":"https:\/\/schloesser-art.com\/en\/","og_site_name":"Schl\u00f6sser Art","article_modified_time":"2018-05-28T10:16:52+00:00","twitter_card":"summary_large_image","twitter_misc":{"Est. reading time":"5 minutes"},"schema":{"@context":"https:\/\/schema.org","@graph":[{"@type":"WebPage","@id":"https:\/\/schloesser-art.com\/en\/","url":"https:\/\/schloesser-art.com\/en\/","name":"Home - Schl\u00f6sser Art","isPartOf":{"@id":"https:\/\/schloesser-art.com\/#website"},"datePublished":"2017-05-06T08:52:54+00:00","dateModified":"2018-05-28T10:16:52+00:00","breadcrumb":{"@id":"https:\/\/schloesser-art.com\/en\/#breadcrumb"},"inLanguage":"en-US","potentialAction":[{"@type":"ReadAction","target":["https:\/\/schloesser-art.com\/en\/"]}]},{"@type":"BreadcrumbList","@id":"https:\/\/schloesser-art.com\/en\/#breadcrumb","itemListElement":[{"@type":"ListItem","position":1,"name":"Startseite","item":"https:\/\/schloesser-art.com\/en\/"},{"@type":"ListItem","position":2,"name":"Home"}]},{"@type":"WebSite","@id":"https:\/\/schloesser-art.com\/#website","url":"https:\/\/schloesser-art.com\/","name":"Schl\u00f6sser Art","description":"Kunst &amp; Kultur","potentialAction":[{"@type":"SearchAction","target":{"@type":"EntryPoint","urlTemplate":"https:\/\/schloesser-art.com\/?s={search_term_string}"},"query-input":{"@type":"PropertyValueSpecification","valueRequired":true,"valueName":"search_term_string"}}],"inLanguage":"en-US"}]}},"_links":{"self":[{"href":"https:\/\/schloesser-art.com\/en\/wp-json\/wp\/v2\/pages\/1124","targetHints":{"allow":["GET"]}}],"collection":[{"href":"https:\/\/schloesser-art.com\/en\/wp-json\/wp\/v2\/pages"}],"about":[{"href":"https:\/\/schloesser-art.com\/en\/wp-json\/wp\/v2\/types\/page"}],"author":[{"embeddable":true,"href":"https:\/\/schloesser-art.com\/en\/wp-json\/wp\/v2\/users\/3"}],"replies":[{"embeddable":true,"href":"https:\/\/schloesser-art.com\/en\/wp-json\/wp\/v2\/comments?post=1124"}],"version-history":[{"count":5,"href":"https:\/\/schloesser-art.com\/en\/wp-json\/wp\/v2\/pages\/1124\/revisions"}],"predecessor-version":[{"id":1230,"href":"https:\/\/schloesser-art.com\/en\/wp-json\/wp\/v2\/pages\/1124\/revisions\/1230"}],"wp:attachment":[{"href":"https:\/\/schloesser-art.com\/en\/wp-json\/wp\/v2\/media?parent=1124"}],"curies":[{"name":"wp","href":"https:\/\/api.w.org\/{rel}","templated":true}]}}