{"id":1133,"date":"2017-05-06T10:55:13","date_gmt":"2017-05-06T08:55:13","guid":{"rendered":"https:\/\/schloesser-art.com\/creations\/"},"modified":"2017-06-08T11:48:12","modified_gmt":"2017-06-08T09:48:12","slug":"creations","status":"publish","type":"page","link":"https:\/\/schloesser-art.com\/en\/creations\/","title":{"rendered":"creations"},"content":{"rendered":"<p><div class=\"fusion-fullwidth fullwidth-box fusion-builder-row-1 nonhundred-percent-fullwidth non-hundred-percent-height-scrolling\" style=\"background-color: rgba(255,255,255,0);background-position: center center;background-repeat: no-repeat;padding-top:0px;padding-right:0px;padding-bottom:0px;padding-left:0px;margin-bottom: 0px;margin-top: 0px;border-width: 0px 0px 0px 0px;border-color:#eae9e9;border-style:solid;\" ><div class=\"fusion-builder-row fusion-row\"><div class=\"fusion-layout-column fusion_builder_column fusion-builder-column-0 fusion_builder_column_1_1 1_1 fusion-one-full fusion-column-first fusion-column-last\" style=\"margin-top:0px;margin-bottom:30px;\"><div class=\"fusion-column-wrapper fusion-flex-column-wrapper-legacy\" style=\"background-position:left top;background-repeat:no-repeat;-webkit-background-size:cover;-moz-background-size:cover;-o-background-size:cover;background-size:cover;padding: 0px 0px 0px 0px;\"><style type=\"text\/css\"><\/style><div class=\"fusion-title title fusion-title-1 fusion-sep-none fusion-title-center fusion-title-text fusion-title-size-one\" style=\"margin-top:0px;margin-bottom:0px;\"><h1 class=\"title-heading-center\" style=\"margin:0;\">creations<\/h1><\/div><div class=\"fusion-sep-clear\"><\/div><div class=\"fusion-separator fusion-full-width-sep\" style=\"margin-left: auto;margin-right: auto;margin-top:50px;width:100%;\"><\/div><div class=\"fusion-sep-clear\"><\/div><div class=\"fusion-clearfix\"><\/div><\/div><\/div><\/div><\/div><div class=\"fusion-fullwidth fullwidth-box fusion-builder-row-2 nonhundred-percent-fullwidth non-hundred-percent-height-scrolling\" style=\"background-color: rgba(255,255,255,0);background-position: center center;background-repeat: no-repeat;padding-top:0px;padding-right:0px;padding-bottom:0px;padding-left:0px;margin-bottom: 0px;margin-top: 0px;border-width: 0px 0px 0px 0px;border-color:#eae9e9;border-style:solid;\" ><div class=\"fusion-builder-row fusion-row\"><div class=\"fusion-layout-column fusion_builder_column fusion-builder-column-1 fusion_builder_column_1_1 1_1 fusion-one-full fusion-column-first fusion-column-last\" style=\"margin-top:0px;margin-bottom:30px;\"><div class=\"fusion-column-wrapper fusion-flex-column-wrapper-legacy\" style=\"background-position:left top;background-repeat:no-repeat;-webkit-background-size:cover;-moz-background-size:cover;-o-background-size:cover;background-size:cover;padding: 0px 0px 0px 0px;\"><!-- Final Tiles Grid Gallery for WordPress v3.6.13 free --><style>#ftg-11 .tile .icon { color:#ffffff; }#ftg-11 .ftg-items .loading-bar i { background:#fff; }#ftg-11 .ftg-items .loading-bar { background:#fff; }#ftg-11 .tile .icon { font-size:12px; }#ftg-11 .tile .icon { margin: -6px 0 0 -6px; }#ftg-11 .tile .caption-block .text-wrapper span.text { font-size:12px; }#ftg-11 .tile .caption-outside .text-wrapper span.text { font-size:12px; }#ftg-11 .tile .caption-block .text-wrapper span.title { font-size:14px; }#ftg-11 .tile .caption-outside .text-wrapper span.title { font-size:14px; }#ftg-11 .tile { background-color: transparent; }#ftg-11 .tile .caption-block .text-wrapper span.text { color: #ffffff; }#ftg-11 .tile .caption-block .text-wrapper span.title { color: #ffffff; }#ftg-11 .tile .caption-outside .text-wrapper span.text { color: #ffffff; }#ftg-11 .tile .caption-outside .text-wrapper span.title { color: #ffffff; }#ftg-11 .tile .ftg-social a { color: #ffffff; }#ftg-11 .tile .caption-block { transition-timing-function:linear; }#ftg-11 .tile .caption-block { transition-duration:0.25s; }#ftg-11 .tile .tile-inner:before { background-color: #000000; }#ftg-11 .tile .tile-inner:before { background-color: rgba(0, 0, 0, 0.8); }#ftg-11 .tile:hover img {-moz-transform: ;-webkit-transform: ;-o-transform: ;-ms-transform: ;transform: ;}<\/style><a name=\"1\"><\/a><div class=\"final-tiles-gallery  ftg-hover-enabled caption-inside  caption-none caption-middle caption-center\" id=\"ftg-11\" style=\"width: 100%\"><div class='ftg-items'><div class='loading-bar'><i><\/i><\/div><div  class='tile ftg-preload  '><a title=\"Portrait\" data-lightbox='ftg-11' rel='ftg-11'  class=' tile-inner  ftg-lightbox' href='' ><img alt='Portrait' class='item skip-lazy' data-class='item' data-ftg-source='https:\/\/schloesser-art.com\/wp-content\/uploads\/isolde-schloesser-art-werke-16-845x1024.jpg' src='https:\/\/schloesser-art.com\/wp-content\/uploads\/isolde-schloesser-art-werke-16-845x1024.jpg' width='auto' height='auto' \/><div class='caption-block'><div class='text-wrapper'><span class='title'>Portrait<\/span><\/div><\/div><\/a><div class='ftg-social'><\/div><\/div><div  class='tile ftg-preload  '><a title=\"isolde-schloesser-art-werke-15\" data-lightbox='ftg-11' rel='ftg-11'  class=' tile-inner  ftg-lightbox' href='' ><img alt='isolde-schloesser-art-werke-15' class='item skip-lazy' data-class='item' data-ftg-source='https:\/\/schloesser-art.com\/wp-content\/uploads\/isolde-schloesser-art-werke-15-744x1024.jpg' src='https:\/\/schloesser-art.com\/wp-content\/uploads\/isolde-schloesser-art-werke-15-744x1024.jpg' width='auto' height='auto' \/><div class='caption-block'><div class='text-wrapper'><span class='title'>isolde-schloesser-art-werke-15<\/span><\/div><\/div><\/a><div class='ftg-social'><\/div><\/div><div  class='tile ftg-preload  '><a title=\"Sonnenblumen\" data-lightbox='ftg-11' rel='ftg-11'  class=' tile-inner  ftg-lightbox' href='' ><img alt='Sonnenblumen' class='item skip-lazy' data-class='item' data-ftg-source='https:\/\/schloesser-art.com\/wp-content\/uploads\/isolde-schloesser-art-werke-14-735x1024.jpg' src='https:\/\/schloesser-art.com\/wp-content\/uploads\/isolde-schloesser-art-werke-14-735x1024.jpg' width='auto' height='auto' \/><div class='caption-block'><div class='text-wrapper'><span class='title'>Sonnenblumen<\/span><\/div><\/div><\/a><div class='ftg-social'><\/div><\/div><div  class='tile ftg-preload  '><a title=\"isolde-schloesser-art-werke-13\" data-lightbox='ftg-11' rel='ftg-11'  class=' tile-inner  ftg-lightbox' href='' ><img alt='isolde-schloesser-art-werke-13' class='item skip-lazy' data-class='item' data-ftg-source='https:\/\/schloesser-art.com\/wp-content\/uploads\/isolde-schloesser-art-werke-13-733x1024.jpg' src='https:\/\/schloesser-art.com\/wp-content\/uploads\/isolde-schloesser-art-werke-13-733x1024.jpg' width='auto' height='auto' \/><div class='caption-block'><div class='text-wrapper'><span class='title'>isolde-schloesser-art-werke-13<\/span><\/div><\/div><\/a><div class='ftg-social'><\/div><\/div><div  class='tile ftg-preload  '><a title=\"Kirchent\u00fcre von au\u00dfen (nah)\" data-lightbox='ftg-11' rel='ftg-11'  class=' tile-inner  ftg-lightbox' href='' ><img alt='Kirchent\u00fcre von au\u00dfen (nah)' class='item skip-lazy' data-class='item' data-ftg-source='https:\/\/schloesser-art.com\/wp-content\/uploads\/isolde-schloesser-art-werke-12-1024x683.jpg' src='https:\/\/schloesser-art.com\/wp-content\/uploads\/isolde-schloesser-art-werke-12-1024x683.jpg' width='auto' height='auto' \/><div class='caption-block'><div class='text-wrapper'><span class='title'>Kirchent\u00fcre von au\u00dfen (nah)<\/span><\/div><\/div><\/a><div class='ftg-social'><\/div><\/div><div  class='tile ftg-preload  '><a title=\"Kirchent\u00fcre von au\u00dfen\" data-lightbox='ftg-11' rel='ftg-11'  class=' tile-inner  ftg-lightbox' href='' ><img alt='Kirchent\u00fcre von au\u00dfen' class='item skip-lazy' data-class='item' data-ftg-source='https:\/\/schloesser-art.com\/wp-content\/uploads\/isolde-schloesser-art-werke-11-1024x683.jpg' src='https:\/\/schloesser-art.com\/wp-content\/uploads\/isolde-schloesser-art-werke-11-1024x683.jpg' width='auto' height='auto' \/><div class='caption-block'><div class='text-wrapper'><span class='title'>Kirchent\u00fcre von au\u00dfen<\/span><\/div><\/div><\/a><div class='ftg-social'><\/div><\/div><div  class='tile ftg-preload  '><a title=\"Kirchent\u00fcr von innen\" data-lightbox='ftg-11' rel='ftg-11'  class=' tile-inner  ftg-lightbox' href='' ><img alt='Kirchent\u00fcr von innen' class='item skip-lazy' data-class='item' data-ftg-source='https:\/\/schloesser-art.com\/wp-content\/uploads\/isolde-schloesser-art-werke-10-1024x683.jpg' src='https:\/\/schloesser-art.com\/wp-content\/uploads\/isolde-schloesser-art-werke-10-1024x683.jpg' width='auto' height='auto' \/><div class='caption-block'><div class='text-wrapper'><span class='title'>Kirchent\u00fcr von innen<\/span><\/div><\/div><\/a><div class='ftg-social'><\/div><\/div><div  class='tile ftg-preload  '><a title=\"Erster Entwurf Bleiverglasung f\u00fcr Kirchent\u00fcr\" data-lightbox='ftg-11' rel='ftg-11'  class=' tile-inner  ftg-lightbox' href='' ><img alt='Erster Entwurf Bleiverglasung f\u00fcr Kirchent\u00fcr' class='item skip-lazy' data-class='item' data-ftg-source='https:\/\/schloesser-art.com\/wp-content\/uploads\/isolde-schloesser-art-werke-9-683x1024.jpg' src='https:\/\/schloesser-art.com\/wp-content\/uploads\/isolde-schloesser-art-werke-9-683x1024.jpg' width='auto' height='auto' \/><div class='caption-block'><div class='text-wrapper'><span class='title'>Erster Entwurf Bleiverglasung f\u00fcr Kirchent\u00fcr<\/span><\/div><\/div><\/a><div class='ftg-social'><\/div><\/div><div  class='tile ftg-preload  '><a title=\"Portrait, Frottage, Holz, Unikat\" data-lightbox='ftg-11' rel='ftg-11'  class=' tile-inner  ftg-lightbox' href='' ><img alt='Portrait, Frottage, Holz, Unikat' class='item skip-lazy' data-class='item' data-ftg-source='https:\/\/schloesser-art.com\/wp-content\/uploads\/isolde-schloesser-art-werke-8-1024x683.jpg' src='https:\/\/schloesser-art.com\/wp-content\/uploads\/isolde-schloesser-art-werke-8-1024x683.jpg' width='auto' height='auto' \/><div class='caption-block'><div class='text-wrapper'><span class='title'>Portrait, Frottage, Holz, Unikat<\/span><\/div><\/div><\/a><div class='ftg-social'><\/div><\/div><div  class='tile ftg-preload  '><a title=\"Pinselzeichnung Din A0 geh\u00f6rt zu der Picasso-Jaqueline Reihe, nach Picassos Tod\" data-lightbox='ftg-11' rel='ftg-11'  class=' tile-inner  ftg-lightbox' href='' ><img alt='Pinselzeichnung Din A0 geh\u00f6rt zu der Picasso-Jaqueline Reihe, nach Picassos Tod' class='item skip-lazy' data-class='item' data-ftg-source='https:\/\/schloesser-art.com\/wp-content\/uploads\/isolde-schloesser-art-werke-7-683x1024.jpg' src='https:\/\/schloesser-art.com\/wp-content\/uploads\/isolde-schloesser-art-werke-7-683x1024.jpg' width='auto' height='auto' \/><div class='caption-block'><div class='text-wrapper'><span class='title'>Pinselzeichnung Din A0 geh\u00f6rt zu der Picasso-Jaqueline Reihe, nach Picassos Tod<\/span><\/div><\/div><\/a><div class='ftg-social'><\/div><\/div><div  class='tile ftg-preload  '><a title=\"Trauernde mit rettendem Dackel, entstanden nach Picassos Tod, an Jaqueline denkend, durch David Douglas Duncans hinrei\u00dfende Erz\u00e4hlung von dem Tag an dem Picasso starb (Pinselzeichnung Din A 0)\" data-lightbox='ftg-11' rel='ftg-11'  class=' tile-inner  ftg-lightbox' href='' ><img alt='Trauernde mit rettendem Dackel, entstanden nach Picassos Tod, an Jaqueline denkend, durch David Douglas Duncans hinrei\u00dfende Erz\u00e4hlung von dem Tag an dem Picasso starb (Pinselzeichnung Din A 0)' class='item skip-lazy' data-class='item' data-ftg-source='https:\/\/schloesser-art.com\/wp-content\/uploads\/isolde-schloesser-art-werke-6-683x1024.jpg' src='https:\/\/schloesser-art.com\/wp-content\/uploads\/isolde-schloesser-art-werke-6-683x1024.jpg' width='auto' height='auto' \/><div class='caption-block'><div class='text-wrapper'><span class='title'>Trauernde mit rettendem Dackel, entstanden nach Picassos Tod, an Jaqueline denkend, durch David Douglas Duncans hinrei\u00dfende Erz\u00e4hlung von dem Tag an dem Picasso starb (Pinselzeichnung Din A 0)<\/span><\/div><\/div><\/a><div class='ftg-social'><\/div><\/div><div  class='tile ftg-preload  '><a title=\"M\u00e4dchen mit Taube, Pinselzeichnung Din A 0\" data-lightbox='ftg-11' rel='ftg-11'  class=' tile-inner  ftg-lightbox' href='' ><img alt='M\u00e4dchen mit Taube, Pinselzeichnung Din A 0' class='item skip-lazy' data-class='item' data-ftg-source='https:\/\/schloesser-art.com\/wp-content\/uploads\/isolde-schloesser-art-werke-5-683x1024.jpg' src='https:\/\/schloesser-art.com\/wp-content\/uploads\/isolde-schloesser-art-werke-5-683x1024.jpg' width='auto' height='auto' \/><div class='caption-block'><div class='text-wrapper'><span class='title'>M\u00e4dchen mit Taube, Pinselzeichnung Din A 0<\/span><\/div><\/div><\/a><div class='ftg-social'><\/div><\/div><div  class='tile ftg-preload  '><a title=\"Vorfr\u00fchlingsstrau\u00df, Aquarell auf handgesch\u00f6pftem B\u00fcttenpapier, Din A0\" data-lightbox='ftg-11' rel='ftg-11'  class=' tile-inner  ftg-lightbox' href='' ><img alt='Vorfr\u00fchlingsstrau\u00df, Aquarell auf handgesch\u00f6pftem B\u00fcttenpapier, Din A0' class='item skip-lazy' data-class='item' data-ftg-source='https:\/\/schloesser-art.com\/wp-content\/uploads\/isolde-schloesser-art-werke-4-683x1024.jpg' src='https:\/\/schloesser-art.com\/wp-content\/uploads\/isolde-schloesser-art-werke-4-683x1024.jpg' width='auto' height='auto' \/><div class='caption-block'><div class='text-wrapper'><span class='title'>Vorfr\u00fchlingsstrau\u00df, Aquarell auf handgesch\u00f6pftem B\u00fcttenpapier, Din A0<\/span><\/div><\/div><\/a><div class='ftg-social'><\/div><\/div><div  class='tile ftg-preload  '><a title=\"Sonnenblumen und Dalienstrau\u00df, Aquarell auf handgesch\u00f6pftem B\u00fcttenpapier, Din A0\" data-lightbox='ftg-11' rel='ftg-11'  class=' tile-inner  ftg-lightbox' href='' ><img alt='Sonnenblumen und Dalienstrau\u00df, Aquarell auf handgesch\u00f6pftem B\u00fcttenpapier, Din A0' class='item skip-lazy' data-class='item' data-ftg-source='https:\/\/schloesser-art.com\/wp-content\/uploads\/isolde-schloesser-art-werke-3-683x1024.jpg' src='https:\/\/schloesser-art.com\/wp-content\/uploads\/isolde-schloesser-art-werke-3-683x1024.jpg' width='auto' height='auto' \/><div class='caption-block'><div class='text-wrapper'><span class='title'>Sonnenblumen und Dalienstrau\u00df, Aquarell auf handgesch\u00f6pftem B\u00fcttenpapier, Din A0<\/span><\/div><\/div><\/a><div class='ftg-social'><\/div><\/div><div  class='tile ftg-preload  '><a title=\"Stilleben: Aquarellfarbe wie \u00d6lfarbe angewandt, Narzissen, Kirschbl\u00fcte, Primeln, \u00c4pfel, Bananen\" data-lightbox='ftg-11' rel='ftg-11'  class=' tile-inner  ftg-lightbox' href='' ><img alt='Stilleben: Aquarellfarbe wie \u00d6lfarbe angewandt, Narzissen, Kirschbl\u00fcte, Primeln, \u00c4pfel, Bananen' class='item skip-lazy' data-class='item' data-ftg-source='https:\/\/schloesser-art.com\/wp-content\/uploads\/isolde-schloesser-art-werke-2-683x1024.jpg' src='https:\/\/schloesser-art.com\/wp-content\/uploads\/isolde-schloesser-art-werke-2-683x1024.jpg' width='auto' height='auto' \/><div class='caption-block'><div class='text-wrapper'><span class='title'>Stilleben: Aquarellfarbe wie \u00d6lfarbe angewandt, Narzissen, Kirschbl\u00fcte, Primeln, \u00c4pfel, Bananen<\/span><\/div><\/div><\/a><div class='ftg-social'><\/div><\/div><div  class='tile ftg-preload  '><a title=\"Winterchrisantheme im M\u00e4rchenbaum, \u00d6l auf handgesch\u00f6pftem Hadernpapier, Format ungef\u00e4hr Din A0\" data-lightbox='ftg-11' rel='ftg-11'  class=' tile-inner  ftg-lightbox' href='' ><img alt='Winterchrisantheme im M\u00e4rchenbaum, \u00d6l auf handgesch\u00f6pftem Hadernpapier, Format ungef\u00e4hr Din A0' class='item skip-lazy' data-class='item' data-ftg-source='https:\/\/schloesser-art.com\/wp-content\/uploads\/isolde-schloesser-art-werke-1-1024x683.jpg' src='https:\/\/schloesser-art.com\/wp-content\/uploads\/isolde-schloesser-art-werke-1-1024x683.jpg' width='auto' height='auto' \/><div class='caption-block'><div class='text-wrapper'><span class='title'>Winterchrisantheme im M\u00e4rchenbaum, \u00d6l auf handgesch\u00f6pftem Hadernpapier, Format ungef\u00e4hr Din A0<\/span><\/div><\/div><\/a><div class='ftg-social'><\/div><\/div><\/div><\/div><div class=\"fusion-clearfix\"><\/div><\/div><\/div><\/div><\/div><\/p>\n","protected":false},"excerpt":{"rendered":"","protected":false},"author":3,"featured_media":0,"parent":0,"menu_order":0,"comment_status":"closed","ping_status":"closed","template":"","meta":{"ngg_post_thumbnail":0,"footnotes":""},"class_list":["post-1133","page","type-page","status-publish","hentry"],"yoast_head":"<!-- This site is optimized with the Yoast SEO plugin v27.4 - https:\/\/yoast.com\/product\/yoast-seo-wordpress\/ -->\n<title>creations - Schl\u00f6sser Art<\/title>\n<meta name=\"robots\" content=\"index, follow, max-snippet:-1, max-image-preview:large, max-video-preview:-1\" \/>\n<link rel=\"canonical\" href=\"https:\/\/schloesser-art.com\/en\/creations\/\" \/>\n<meta property=\"og:locale\" content=\"en_US\" \/>\n<meta property=\"og:type\" content=\"article\" \/>\n<meta property=\"og:title\" content=\"creations - Schl\u00f6sser Art\" \/>\n<meta property=\"og:url\" content=\"https:\/\/schloesser-art.com\/en\/creations\/\" \/>\n<meta property=\"og:site_name\" content=\"Schl\u00f6sser Art\" \/>\n<meta property=\"article:modified_time\" content=\"2017-06-08T09:48:12+00:00\" \/>\n<meta name=\"twitter:card\" content=\"summary_large_image\" \/>\n<meta name=\"twitter:label1\" content=\"Est. reading time\" \/>\n\t<meta name=\"twitter:data1\" content=\"2 minutes\" \/>\n<script type=\"application\/ld+json\" class=\"yoast-schema-graph\">{\"@context\":\"https:\\\/\\\/schema.org\",\"@graph\":[{\"@type\":\"WebPage\",\"@id\":\"https:\\\/\\\/schloesser-art.com\\\/en\\\/creations\\\/\",\"url\":\"https:\\\/\\\/schloesser-art.com\\\/en\\\/creations\\\/\",\"name\":\"creations - Schl\u00f6sser Art\",\"isPartOf\":{\"@id\":\"https:\\\/\\\/schloesser-art.com\\\/#website\"},\"datePublished\":\"2017-05-06T08:55:13+00:00\",\"dateModified\":\"2017-06-08T09:48:12+00:00\",\"breadcrumb\":{\"@id\":\"https:\\\/\\\/schloesser-art.com\\\/en\\\/creations\\\/#breadcrumb\"},\"inLanguage\":\"en-US\",\"potentialAction\":[{\"@type\":\"ReadAction\",\"target\":[\"https:\\\/\\\/schloesser-art.com\\\/en\\\/creations\\\/\"]}]},{\"@type\":\"BreadcrumbList\",\"@id\":\"https:\\\/\\\/schloesser-art.com\\\/en\\\/creations\\\/#breadcrumb\",\"itemListElement\":[{\"@type\":\"ListItem\",\"position\":1,\"name\":\"Startseite\",\"item\":\"https:\\\/\\\/schloesser-art.com\\\/en\\\/\"},{\"@type\":\"ListItem\",\"position\":2,\"name\":\"creations\"}]},{\"@type\":\"WebSite\",\"@id\":\"https:\\\/\\\/schloesser-art.com\\\/#website\",\"url\":\"https:\\\/\\\/schloesser-art.com\\\/\",\"name\":\"Schl\u00f6sser Art\",\"description\":\"Kunst &amp; Kultur\",\"potentialAction\":[{\"@type\":\"SearchAction\",\"target\":{\"@type\":\"EntryPoint\",\"urlTemplate\":\"https:\\\/\\\/schloesser-art.com\\\/?s={search_term_string}\"},\"query-input\":{\"@type\":\"PropertyValueSpecification\",\"valueRequired\":true,\"valueName\":\"search_term_string\"}}],\"inLanguage\":\"en-US\"}]}<\/script>\n<!-- \/ Yoast SEO plugin. -->","yoast_head_json":{"title":"creations - Schl\u00f6sser Art","robots":{"index":"index","follow":"follow","max-snippet":"max-snippet:-1","max-image-preview":"max-image-preview:large","max-video-preview":"max-video-preview:-1"},"canonical":"https:\/\/schloesser-art.com\/en\/creations\/","og_locale":"en_US","og_type":"article","og_title":"creations - Schl\u00f6sser Art","og_url":"https:\/\/schloesser-art.com\/en\/creations\/","og_site_name":"Schl\u00f6sser Art","article_modified_time":"2017-06-08T09:48:12+00:00","twitter_card":"summary_large_image","twitter_misc":{"Est. reading time":"2 minutes"},"schema":{"@context":"https:\/\/schema.org","@graph":[{"@type":"WebPage","@id":"https:\/\/schloesser-art.com\/en\/creations\/","url":"https:\/\/schloesser-art.com\/en\/creations\/","name":"creations - Schl\u00f6sser Art","isPartOf":{"@id":"https:\/\/schloesser-art.com\/#website"},"datePublished":"2017-05-06T08:55:13+00:00","dateModified":"2017-06-08T09:48:12+00:00","breadcrumb":{"@id":"https:\/\/schloesser-art.com\/en\/creations\/#breadcrumb"},"inLanguage":"en-US","potentialAction":[{"@type":"ReadAction","target":["https:\/\/schloesser-art.com\/en\/creations\/"]}]},{"@type":"BreadcrumbList","@id":"https:\/\/schloesser-art.com\/en\/creations\/#breadcrumb","itemListElement":[{"@type":"ListItem","position":1,"name":"Startseite","item":"https:\/\/schloesser-art.com\/en\/"},{"@type":"ListItem","position":2,"name":"creations"}]},{"@type":"WebSite","@id":"https:\/\/schloesser-art.com\/#website","url":"https:\/\/schloesser-art.com\/","name":"Schl\u00f6sser Art","description":"Kunst &amp; Kultur","potentialAction":[{"@type":"SearchAction","target":{"@type":"EntryPoint","urlTemplate":"https:\/\/schloesser-art.com\/?s={search_term_string}"},"query-input":{"@type":"PropertyValueSpecification","valueRequired":true,"valueName":"search_term_string"}}],"inLanguage":"en-US"}]}},"_links":{"self":[{"href":"https:\/\/schloesser-art.com\/en\/wp-json\/wp\/v2\/pages\/1133","targetHints":{"allow":["GET"]}}],"collection":[{"href":"https:\/\/schloesser-art.com\/en\/wp-json\/wp\/v2\/pages"}],"about":[{"href":"https:\/\/schloesser-art.com\/en\/wp-json\/wp\/v2\/types\/page"}],"author":[{"embeddable":true,"href":"https:\/\/schloesser-art.com\/en\/wp-json\/wp\/v2\/users\/3"}],"replies":[{"embeddable":true,"href":"https:\/\/schloesser-art.com\/en\/wp-json\/wp\/v2\/comments?post=1133"}],"version-history":[{"count":2,"href":"https:\/\/schloesser-art.com\/en\/wp-json\/wp\/v2\/pages\/1133\/revisions"}],"predecessor-version":[{"id":1221,"href":"https:\/\/schloesser-art.com\/en\/wp-json\/wp\/v2\/pages\/1133\/revisions\/1221"}],"wp:attachment":[{"href":"https:\/\/schloesser-art.com\/en\/wp-json\/wp\/v2\/media?parent=1133"}],"curies":[{"name":"wp","href":"https:\/\/api.w.org\/{rel}","templated":true}]}}