{"id":1135,"date":"2017-05-06T10:55:43","date_gmt":"2017-05-06T08:55:43","guid":{"rendered":"https:\/\/schloesser-art.com\/background\/"},"modified":"2017-05-06T10:55:43","modified_gmt":"2017-05-06T08:55:43","slug":"background","status":"publish","type":"page","link":"https:\/\/schloesser-art.com\/en\/background\/","title":{"rendered":"background"},"content":{"rendered":"<p><div class=\"fusion-fullwidth fullwidth-box fusion-builder-row-1 nonhundred-percent-fullwidth non-hundred-percent-height-scrolling\" style=\"background-color: rgba(255,255,255,0);background-position: center center;background-repeat: no-repeat;padding-top:0px;padding-right:0px;padding-bottom:0px;padding-left:0px;margin-bottom: 0px;margin-top: 0px;border-width: 0px 0px 0px 0px;border-color:#eae9e9;border-style:solid;\" ><div class=\"fusion-builder-row fusion-row\"><div class=\"fusion-layout-column fusion_builder_column fusion-builder-column-0 fusion_builder_column_1_1 1_1 fusion-one-full fusion-column-first fusion-column-last\" style=\"margin-top:0px;margin-bottom:30px;\"><div class=\"fusion-column-wrapper fusion-flex-column-wrapper-legacy\" style=\"background-position:left top;background-repeat:no-repeat;-webkit-background-size:cover;-moz-background-size:cover;-o-background-size:cover;background-size:cover;padding: 0px 0px 0px 0px;\"><style type=\"text\/css\"><\/style><div class=\"fusion-title title fusion-title-1 fusion-sep-none fusion-title-center fusion-title-text fusion-title-size-one\" style=\"margin-top:0px;margin-bottom:0px;\"><h1 class=\"title-heading-center\" style=\"margin:0;\">BACKGROUND<\/h1><\/div><div class=\"fusion-clearfix\"><\/div><\/div><\/div><\/div><\/div><div class=\"fusion-fullwidth fullwidth-box fusion-builder-row-2 nonhundred-percent-fullwidth non-hundred-percent-height-scrolling\" style=\"background-color: rgba(255,255,255,0);background-position: center center;background-repeat: no-repeat;padding-top:20px;padding-right:0px;padding-bottom:20px;padding-left:0px;margin-bottom: 0px;margin-top: 0px;border-width: 0px 0px 0px 0px;border-color:#eae9e9;border-style:solid;\" ><div class=\"fusion-builder-row fusion-row\"><div class=\"fusion-layout-column fusion_builder_column fusion-builder-column-1 fusion_builder_column_1_1 1_1 fusion-one-full fusion-column-first fusion-column-last\" style=\"margin-top:0px;margin-bottom:30px;\"><div class=\"fusion-column-wrapper fusion-flex-column-wrapper-legacy\" style=\"background-position:left top;background-repeat:no-repeat;-webkit-background-size:cover;-moz-background-size:cover;-o-background-size:cover;background-size:cover;padding: 0px 0px 0px 0px;\"><div class=\"fusion-text fusion-text-1\" style=\"transform:translate3d(0,0,0);\"><p><i><span style=\"font-weight: 400;\">Ausbildung<\/span><\/i><\/p>\n<p><span style=\"font-weight: 400;\">Lehre Seriegraphie, Studium der Buchgestaltung, ( Schriftentwurf, Kalligraphie, Illustration, Typographie, in Stuttgart und Amsterdam, Masscomunications, Journalism in den USA, Ausstellungen unter anderen in Museen und Galerien in \u00a0Amsterdam, Deutschland, Kona, Hawaii, Los Angeles, New York, Arbeiten in \u00f6ffentlichen und privaten Sammlungen.<\/span><\/p>\n<p>&nbsp;<\/p>\n<p><i><span style=\"font-weight: 400;\">Arbeitsbereiche: <\/span><\/i><\/p>\n<p><span style=\"font-weight: 400;\">Buchkunst, Grafik, Illustration, Kalligraphie, ( z.B.: Monogramme, Festtexte, Urkunden, \u00a0Glasmalerei und Glasgravour), Holzstich, Holzschnitt, \u00a0Malerei , Portraits<\/span><\/p>\n<p>&nbsp;<\/p>\n<p><i><span style=\"font-weight: 400;\">Lehre Siebdruck: Seriegraphie<\/span><\/i><\/p>\n<p><span style=\"font-weight: 400;\">Kunstreproduktionen, \u00a0zu jener Zeit noch Handwerk. Farbausz\u00fcge f\u00fcr bis zu 36 Farbt\u00f6nen f\u00fcr Reproduktionen wurden von Hand gezeichnet und von Hand gedruckt auf das dem Original entsprechende Material gedruckt.<\/span><\/p>\n<p><span style=\"font-weight: 400;\">Absicht und Ziel: Gro\u00dfe Meister der Kunst \u00a0vom Original nicht unterscheidbar zu erschwinglichen Preisen f\u00fcr Kunstliebhaber zu reproduzieren. <\/span><\/p>\n<p><span style=\"font-weight: 400;\">Die Lehrzeit schulte mein Auge besonders f\u00fcr Genauigkeit in Form und Farbe.<\/span><\/p>\n<p>&nbsp;<\/p>\n<p><i><span style=\"font-weight: 400;\">Studium:<\/span><\/i><\/p>\n<p><span style=\"font-weight: 400;\">Nach zwei Lehrjahren Seriegraphie Wechsel von der Johannes Gutenberg Fachschule f\u00fcr das Graphische Gewerbe Stuttgart in die Zeichenklasse der Johannes Gutenberg Fachhochschule Stuttgart zu Robert F\u00f6rch.<\/span><\/p>\n<p>&nbsp;<\/p>\n<p><i><span style=\"font-weight: 400;\">Wechsel zur Staatlichen Akademie der Bildenden K\u00fcnste, Stuttgart:<\/span><\/i><\/p>\n<p><span style=\"font-weight: 400;\">Fachklasse Buchgestaltung ,Illustration, Kalligraphie, Typographik, Prof Walter Brudi (Meister der Illustration, Kalligraphie, der strengen \u201eStuttgarter Schule\u201c und Gr\u00fcnder des Instituts \u00a0f\u00fcr Buchgestaltung. und seinem Sch\u00fcler, Professor Kurt Weidemann. Er \u00f6ffnete die M\u00f6glichkeit in Amsterdam in einer Druckerei zu volontieren. <\/span><\/p>\n<p>&nbsp;<\/p>\n<p><i><span style=\"font-weight: 400;\">Entschluss: Wechsel von der strengen \u201eStuttgarter Schule\u201c in die Amsterdammer Freiheit an die<\/span><\/i><\/p>\n<p><i><span style=\"font-weight: 400;\">Geriet Rietveld Akademie <\/span><\/i><span style=\"font-weight: 400;\">\u00a0<\/span><\/p>\n<p><span style=\"font-weight: 400;\">Herrlich die Amsterdammer Jahre : kleine Fachklasse, acht Studenten und f\u00fcr uns vier wunderbare Professoren. Sie erlaubten uns die Freiheit uns auszutoben, auszuprobieren, forderten aber auch gemeinsame \u00a0Arbeiten, die es erm\u00f6glichten unsere Leistung zu vergleichen. Eine kleine Werkstatt f\u00fcr Handsatz und Hochdruck so wie der M\u00f6glichkeit \u00a0frei auch am Unterricht anderer Fachklassen teil zunehmen, z. B.: Malerei, Malklasse&#8230; Abschluss Diplom. (Stipendium).<\/span><\/p>\n<p>&nbsp;<\/p>\n<p><i><span style=\"font-weight: 400;\">Logischer n\u00e4chster Schritt: in New York arbeiten:<\/span><\/i><\/p>\n<p><span style=\"font-weight: 400;\">ging nur \u00fcber den Marshall Plan, die Karl Duisberg-Gesellschaft. So kam ich nach Texas, an die Texas Technical University zum Studium Mass Communications. Spannend. Artikel schreiben, Filmchen drehen, jeden \u00a0Samstagvormittag allein eine Stunde Rundfunksendung. Als Thema w\u00e4hlte ich Kultur, Verbindendes zwischen Europa und den \u2013USA, Musik, Literatur. Ziel : New York<\/span><\/p>\n<p><span style=\"font-weight: 400;\">Gl\u00fcck: nach der Erfahrung in Arbeitslosenschlangen Anstellung als boek designer \u00a0bei Harry N. Abrams, \u00a0internationaler Kunstbuchverlag, einer Schatztruhe f\u00fcr kostbare B\u00fccher der Weltkunst und <\/span><span style=\"font-weight: 400;\">der Moderne, Internationale \u00a0Koproduktionen. Wir gestalteten und verlegten gleichzeitig B\u00fccher \u00fcber alte Kulturen, ob asiatisch, \u00e4gyptisch, europ\u00e4isch, amerikanisch und B\u00fccher von Topk\u00fcnstlern wie zum Beispiel \u00a0Appel, Arp, Calder, Christo und Jeanne Claude, Dali, Escher, Jones, Picasso, Vasarely, Verve\u2026. So lernte ich auch Appel, Christo und Jeanne Claude pers\u00f6nlich \u00a0kennen. Unsere gemeinsamen Abende, intensiven Gespr\u00e4che \u00fcber ihre Projekte, (damals the running fence), unsere Essen in ihrer K\u00fcche ,in den offenen Arbeitsraum \u00fcbergehend, &#8211; unvergesslich. G\u00fcck: ihr Freund, der Verleger und Codirektor Fritz H. Landshoff im Verlag Harry N.Abrams nahm mich mit.<\/span><\/p>\n<\/div><div class=\"fusion-clearfix\"><\/div><\/div><\/div><\/div><\/div><\/p>\n","protected":false},"excerpt":{"rendered":"","protected":false},"author":3,"featured_media":0,"parent":0,"menu_order":0,"comment_status":"closed","ping_status":"closed","template":"","meta":{"ngg_post_thumbnail":0,"footnotes":""},"class_list":["post-1135","page","type-page","status-publish","hentry"],"yoast_head":"<!-- This site is optimized with the Yoast SEO plugin v27.4 - https:\/\/yoast.com\/product\/yoast-seo-wordpress\/ -->\n<title>background - Schl\u00f6sser Art<\/title>\n<meta name=\"robots\" content=\"index, follow, max-snippet:-1, max-image-preview:large, max-video-preview:-1\" \/>\n<link rel=\"canonical\" href=\"https:\/\/schloesser-art.com\/en\/background\/\" \/>\n<meta property=\"og:locale\" content=\"en_US\" \/>\n<meta property=\"og:type\" content=\"article\" \/>\n<meta property=\"og:title\" content=\"background - Schl\u00f6sser Art\" \/>\n<meta property=\"og:url\" content=\"https:\/\/schloesser-art.com\/en\/background\/\" \/>\n<meta property=\"og:site_name\" content=\"Schl\u00f6sser Art\" \/>\n<meta name=\"twitter:card\" content=\"summary_large_image\" \/>\n<meta name=\"twitter:label1\" content=\"Est. reading time\" \/>\n\t<meta name=\"twitter:data1\" content=\"4 minutes\" \/>\n<script type=\"application\/ld+json\" class=\"yoast-schema-graph\">{\"@context\":\"https:\\\/\\\/schema.org\",\"@graph\":[{\"@type\":\"WebPage\",\"@id\":\"https:\\\/\\\/schloesser-art.com\\\/en\\\/background\\\/\",\"url\":\"https:\\\/\\\/schloesser-art.com\\\/en\\\/background\\\/\",\"name\":\"background - Schl\u00f6sser Art\",\"isPartOf\":{\"@id\":\"https:\\\/\\\/schloesser-art.com\\\/#website\"},\"datePublished\":\"2017-05-06T08:55:43+00:00\",\"breadcrumb\":{\"@id\":\"https:\\\/\\\/schloesser-art.com\\\/en\\\/background\\\/#breadcrumb\"},\"inLanguage\":\"en-US\",\"potentialAction\":[{\"@type\":\"ReadAction\",\"target\":[\"https:\\\/\\\/schloesser-art.com\\\/en\\\/background\\\/\"]}]},{\"@type\":\"BreadcrumbList\",\"@id\":\"https:\\\/\\\/schloesser-art.com\\\/en\\\/background\\\/#breadcrumb\",\"itemListElement\":[{\"@type\":\"ListItem\",\"position\":1,\"name\":\"Startseite\",\"item\":\"https:\\\/\\\/schloesser-art.com\\\/en\\\/\"},{\"@type\":\"ListItem\",\"position\":2,\"name\":\"background\"}]},{\"@type\":\"WebSite\",\"@id\":\"https:\\\/\\\/schloesser-art.com\\\/#website\",\"url\":\"https:\\\/\\\/schloesser-art.com\\\/\",\"name\":\"Schl\u00f6sser Art\",\"description\":\"Kunst &amp; Kultur\",\"potentialAction\":[{\"@type\":\"SearchAction\",\"target\":{\"@type\":\"EntryPoint\",\"urlTemplate\":\"https:\\\/\\\/schloesser-art.com\\\/?s={search_term_string}\"},\"query-input\":{\"@type\":\"PropertyValueSpecification\",\"valueRequired\":true,\"valueName\":\"search_term_string\"}}],\"inLanguage\":\"en-US\"}]}<\/script>\n<!-- \/ Yoast SEO plugin. -->","yoast_head_json":{"title":"background - Schl\u00f6sser Art","robots":{"index":"index","follow":"follow","max-snippet":"max-snippet:-1","max-image-preview":"max-image-preview:large","max-video-preview":"max-video-preview:-1"},"canonical":"https:\/\/schloesser-art.com\/en\/background\/","og_locale":"en_US","og_type":"article","og_title":"background - Schl\u00f6sser Art","og_url":"https:\/\/schloesser-art.com\/en\/background\/","og_site_name":"Schl\u00f6sser Art","twitter_card":"summary_large_image","twitter_misc":{"Est. reading time":"4 minutes"},"schema":{"@context":"https:\/\/schema.org","@graph":[{"@type":"WebPage","@id":"https:\/\/schloesser-art.com\/en\/background\/","url":"https:\/\/schloesser-art.com\/en\/background\/","name":"background - Schl\u00f6sser Art","isPartOf":{"@id":"https:\/\/schloesser-art.com\/#website"},"datePublished":"2017-05-06T08:55:43+00:00","breadcrumb":{"@id":"https:\/\/schloesser-art.com\/en\/background\/#breadcrumb"},"inLanguage":"en-US","potentialAction":[{"@type":"ReadAction","target":["https:\/\/schloesser-art.com\/en\/background\/"]}]},{"@type":"BreadcrumbList","@id":"https:\/\/schloesser-art.com\/en\/background\/#breadcrumb","itemListElement":[{"@type":"ListItem","position":1,"name":"Startseite","item":"https:\/\/schloesser-art.com\/en\/"},{"@type":"ListItem","position":2,"name":"background"}]},{"@type":"WebSite","@id":"https:\/\/schloesser-art.com\/#website","url":"https:\/\/schloesser-art.com\/","name":"Schl\u00f6sser Art","description":"Kunst &amp; Kultur","potentialAction":[{"@type":"SearchAction","target":{"@type":"EntryPoint","urlTemplate":"https:\/\/schloesser-art.com\/?s={search_term_string}"},"query-input":{"@type":"PropertyValueSpecification","valueRequired":true,"valueName":"search_term_string"}}],"inLanguage":"en-US"}]}},"_links":{"self":[{"href":"https:\/\/schloesser-art.com\/en\/wp-json\/wp\/v2\/pages\/1135","targetHints":{"allow":["GET"]}}],"collection":[{"href":"https:\/\/schloesser-art.com\/en\/wp-json\/wp\/v2\/pages"}],"about":[{"href":"https:\/\/schloesser-art.com\/en\/wp-json\/wp\/v2\/types\/page"}],"author":[{"embeddable":true,"href":"https:\/\/schloesser-art.com\/en\/wp-json\/wp\/v2\/users\/3"}],"replies":[{"embeddable":true,"href":"https:\/\/schloesser-art.com\/en\/wp-json\/wp\/v2\/comments?post=1135"}],"version-history":[{"count":1,"href":"https:\/\/schloesser-art.com\/en\/wp-json\/wp\/v2\/pages\/1135\/revisions"}],"predecessor-version":[{"id":1136,"href":"https:\/\/schloesser-art.com\/en\/wp-json\/wp\/v2\/pages\/1135\/revisions\/1136"}],"wp:attachment":[{"href":"https:\/\/schloesser-art.com\/en\/wp-json\/wp\/v2\/media?parent=1135"}],"curies":[{"name":"wp","href":"https:\/\/api.w.org\/{rel}","templated":true}]}}